{"id":1108,"date":"2020-04-22T23:44:43","date_gmt":"2020-04-22T21:44:43","guid":{"rendered":"https:\/\/www.tabeazimmermann.de\/?page_id=1108"},"modified":"2023-09-08T17:10:58","modified_gmt":"2023-09-08T15:10:58","slug":"imprint","status":"publish","type":"page","link":"https:\/\/www.tabeazimmermann.de\/en\/imprint\/","title":{"rendered":"Imprint"},"content":{"rendered":"\t\t<div data-elementor-type=\"wp-page\" data-elementor-id=\"1108\" class=\"elementor elementor-1108 elementor-111\" data-elementor-settings=\"[]\">\n\t\t\t\t\t\t<div class=\"elementor-inner\">\n\t\t\t\t\t\t\t<div class=\"elementor-section-wrap\">\n\t\t\t\t\t\t\t<section class=\"elementor-section elementor-top-section elementor-element elementor-element-a7efa05 elementor-section-boxed elementor-section-height-default elementor-section-height-default\" data-id=\"a7efa05\" data-element_type=\"section\">\n\t\t\t\t\t\t<div class=\"elementor-container elementor-column-gap-default\">\n\t\t\t\t\t\t\t<div class=\"elementor-row\">\n\t\t\t\t\t<div class=\"elementor-column elementor-col-100 elementor-top-column elementor-element elementor-element-25d166f\" data-id=\"25d166f\" data-element_type=\"column\">\n\t\t\t<div class=\"elementor-column-wrap elementor-element-populated\">\n\t\t\t\t\t\t\t<div class=\"elementor-widget-wrap\">\n\t\t\t\t\t\t<div class=\"elementor-element elementor-element-a53fb50 elementor-widget elementor-widget-text-editor\" data-id=\"a53fb50\" data-element_type=\"widget\" data-widget_type=\"text-editor.default\">\n\t\t\t\t<div class=\"elementor-widget-container\">\n\t\t\t\t\t<div class=\"elementor-text-editor elementor-clearfix\"><h1>Imprint<\/h1><\/div>\n\t\t\t\t<\/div>\n\t\t\t\t<\/div>\n\t\t\t\t\t\t<\/div>\n\t\t\t\t\t<\/div>\n\t\t<\/div>\n\t\t\t\t\t\t\t\t<\/div>\n\t\t\t\t\t<\/div>\n\t\t<\/section>\n\t\t\t\t<section class=\"elementor-section elementor-top-section elementor-element elementor-element-1d42deb elementor-section-boxed elementor-section-height-default elementor-section-height-default\" data-id=\"1d42deb\" data-element_type=\"section\">\n\t\t\t\t\t\t<div class=\"elementor-container elementor-column-gap-default\">\n\t\t\t\t\t\t\t<div class=\"elementor-row\">\n\t\t\t\t\t<div class=\"elementor-column elementor-col-100 elementor-top-column elementor-element elementor-element-59c8f2f\" data-id=\"59c8f2f\" data-element_type=\"column\">\n\t\t\t<div class=\"elementor-column-wrap elementor-element-populated\">\n\t\t\t\t\t\t\t<div class=\"elementor-widget-wrap\">\n\t\t\t\t\t\t<div class=\"elementor-element elementor-element-9d95550 elementor-widget-divider--view-line elementor-widget elementor-widget-divider\" data-id=\"9d95550\" data-element_type=\"widget\" data-widget_type=\"divider.default\">\n\t\t\t\t<div class=\"elementor-widget-container\">\n\t\t\t\t\t<div class=\"elementor-divider\">\n\t\t\t<span class=\"elementor-divider-separator\">\n\t\t\t\t\t\t<\/span>\n\t\t<\/div>\n\t\t\t\t<\/div>\n\t\t\t\t<\/div>\n\t\t\t\t\t\t<\/div>\n\t\t\t\t\t<\/div>\n\t\t<\/div>\n\t\t\t\t\t\t\t\t<\/div>\n\t\t\t\t\t<\/div>\n\t\t<\/section>\n\t\t\t\t<section class=\"elementor-section elementor-top-section elementor-element elementor-element-5dde5c3 elementor-section-boxed elementor-section-height-default elementor-section-height-default\" data-id=\"5dde5c3\" data-element_type=\"section\">\n\t\t\t\t\t\t<div class=\"elementor-container elementor-column-gap-default\">\n\t\t\t\t\t\t\t<div class=\"elementor-row\">\n\t\t\t\t\t<div class=\"elementor-column elementor-col-100 elementor-top-column elementor-element elementor-element-591ef07\" data-id=\"591ef07\" data-element_type=\"column\">\n\t\t\t<div class=\"elementor-column-wrap elementor-element-populated\">\n\t\t\t\t\t\t\t<div class=\"elementor-widget-wrap\">\n\t\t\t\t\t\t<div class=\"elementor-element elementor-element-c3dd7f0 elementor-widget elementor-widget-text-editor\" data-id=\"c3dd7f0\" data-element_type=\"widget\" data-widget_type=\"text-editor.default\">\n\t\t\t\t<div class=\"elementor-widget-container\">\n\t\t\t\t\t<div class=\"elementor-text-editor elementor-clearfix\"><p>Tabea Zimmermann<\/p><p>c\/o K\u00fcnstlerSekretariat am Gasteig\u00a0<br \/>Montgelasstra\u00dfe 2<br \/>D-81679 M\u00fcnchen<\/p><p>Phone: +49 89 4448879-0<\/p><p>e-Mail: <a href=\"mailto:team@ks-gasteig.de\">team@ks-gasteig.de<br \/><\/a><a href=\"http:\/\/www.ks-gasteig.de\" target=\"_blank\" rel=\"noopener\">www.ks-gasteig.de<\/a><\/p><p><strong>Website<\/strong><br \/>Design: <a href=\"https:\/\/www.jessicasommer.de\/\" target=\"_blank\" rel=\"noopener\">Jessica Sommer<\/a><br \/>Realisation: <a href=\"https:\/\/www.webdesire.de\" target=\"_blank\" rel=\"noopener\">webdesire<\/a><\/p><h3>Copyright<\/h3><p>The content and works published on this website are governed by the copyright laws of Germany. Any duplication, processing, distribution or any form of utilisation beyond the scope of copyright law shall require the prior written consent of the author or authors in question.<\/p><p>\u00a9 Tabea Zimmermann. All rights reserved.<\/p><h3>Image credits<\/h3><p><strong>Students<\/strong><\/p><p>Jelena Antic: \u00a9 Ruth Mogrovejo<br \/>Bella Chich: \u00a9 Zuzanna Specjal <br \/>Maj Bommas: \u00a9 Maj Bommas<br \/>Ukyo Fujiwara: \u00a9 Ryu<br \/>Franziska H\u00fcgel: \u00a9 Marco Blessano<br \/>Sophie Kiening: \u00a9 Pia Gugetzer<br \/>Kwan Hon Gordon Lau: \u00a9 Ettore Causa<br \/>Brian Isaacs: \u00a9 Ettore Causa<br \/>Arcan Isenkul: \u00a9 Arcan Isenkul<br \/>Haesue Lee: \u00a9 Haesue Lee<br \/>Eric Seohyun Moon: \u00a9 Shin-joong Kim<br \/>S\u00e0o Soulez Larivi\u00e8re: \u00a9 Clara Evans<br \/>Ayaka Taniguchi: \u00a9 Ayaka Taniguchi<br \/>Caspar Vinzens: \u00a9 Simona Bednarek<br \/>Luisa Ye: \u00a9 Luisa Ye<\/p><p><strong>Alumni<\/strong><\/p><p>Micha Afkham: \u00a9 Peter Adamik<br \/>Guy Ben-Ziony: \u00a9 Giorgia Bertazzi<br \/>Agathe Blondel: \u00a9 Martin Flaux<br \/>Barbara Buntrock: \u00a9 Irene Zandel<br \/>\u00d6yk\u00fc Canpolat: \u00a9 \u00d6yk\u00fc Canpolat<br \/>Marie Chilemme: \u00a9 Lyodoh Kaneko<br \/>H\u00e9l\u00e8ne Cl\u00e9ment: \u00a9 George Garnier <br \/>Toby Cook: \u00a9 Ettore Causa<br \/>Lotus de Vries: \u00a9 Foppe Schut<br \/>Valentin Eichler: \u00a9 Paul Yates<br \/>Miguel Erlich: \u00a9 Tom\u00e1s Monteiro<br \/>Karolina Errera: \u00a9 Felix Broede<br \/>Stefanie Farrands: \u00a9 Karen Steains<br \/>Sara Ferr\u00e1ndez: \u00a9 Clara Evans<br \/>Alexander Gordon: \u00a9 Moti Goldmann<br \/>Olga Hansen: \u00a9 Wanda Badwal<br \/>Stine Hasbirk: \u00a9 Arild Quartet<br \/>Gabriele Heinecke: \u00a9 Gabriele Heinecke<br \/>Miriam Helms \u00c5lien: \u00a9 Jessy Lee<br \/>Kyuri Kim: \u00a9 Kyuri Kim<br \/>Sejune Kim: \u00a9 Jino Park<br \/>Georgy Kovalev: \u00a9 Andreas Malkmus<br \/>Anna Krimm: \u00a9 Anna Krimm<br \/>Hande K\u00fcden: \u00a9 Hande K\u00fcden<br \/>Josip Kvetek: \u00a9 Josip Kvetek<br \/>Adrien La Marca: \u00a9 Marco Borggreve<br \/>Samuel Seungwon Lee: \u00a9 Jino Park<br \/>Marion Leleu: \u00a9 Marion Leleu<br \/>Anna Lewis: \u00a9 Anna Lewis<br \/>Matthew Lipman: \u00a9 Jiyang Chen<br \/>Mark Liu: \u00a9 Mark Liu<br \/>Lev Loiko: \u00a9 Dmitry Zagumennikov<br \/>Ana Mba Flores: \u00a9 Edu Franc\u00e9s<br \/>Ada Myriel Meinich: \u00a9 Ada Myriel Meinich<br \/>Giovanni Menna: \u00a9 Giovanni Menna <br \/>Johannes Moehrle: \u00a9 James Hodson<br \/>Sindy Mohamed: \u00a9 Georges Yammine<br \/>Nilay \u00d6zdemir: \u00a9 Peter Adamik<br \/>Kyoungmin Park: \u00a9 Neda Navaee<br \/>Yael Pathish: \u00a9 Yoel Levi<br \/>Tahlia Petrosian: \u00a9 Jens Gerber<br \/>Anna Puig Torne: \u00a9 Anna Puig Torne<br \/>Madeleine Przybyl: \u00a9 Madeleine Przybyl<br \/>Muriel Razavi: \u00a9 Verena Bruening<br \/>Alejandro Regueira Caumel: \u00a9 Alejandro Regueira Caumel<br \/>Pauline Sachse: \u00a9 Nikolaj Lund<br \/>Teresa Schwamm: \u00a9 Felix Broede<br \/>Jungahn Shin: \u00a9 Sihoo Kim<br \/>Clara-H\u00e9l\u00e8ne Stangorra: \u00a9 Clara-H\u00e9l\u00e8ne Stangorra<br \/>Arnold Stieve: \u00a9 Clara Evans<br \/>Maya Tal: \u00a9 Michael Pavia Photography<br \/>Antoine Tamestit: \u00a9 Philippe Matsas\/Harmonia Mundi<br \/>German Tcakulov: \u00a9 Asya Chzhan<br \/>Kei Tojo: \u00a9 hiro.pberg_berlin<br \/>Ulla Tremuth: \u00a9 Claude Tremuth<br \/>Albin Uusij\u00e4rvi: \u00a9 Amber-Jayne Bain<br \/>Simone von Rahden: \u00a9 Simone von Rahden<br \/>Emma Wernig: \u00a9 Alexander Edelmann<br \/>Judith Wijzenbeek: \u00a9 Sarah Wijzenbeek<br \/>Zhechao Xie: \u00a9 Zhechao Xie<br \/>Peijun Xu: \u00a9 Dirk Schelpmeier<br \/>Armando Yag\u00fce: \u00a9 Armando Yag\u00fce<br \/>Ula Uljona Zebriunaite: \u00a9 Andrea Mazzon<br \/>Sarina Zickgraf: \u00a9 Clara Evans<br \/>Ylvali Ziliacus: \u00a9 Ylvali Ziliacus<br \/>Silas Zschocke: \u00a9 David Ausserhofer<\/p><p><strong>Header<\/strong><\/p><p>Vita, Repertoire, Teaching, Alumni, Students, Media, Press, Gallery: \u00a9 Rui Camilo<\/p><p>Home, Dates, Archive, Data Protection, Imprint: \u00a9 Marco Borggreve<\/p><p>World premieres: \u00a9 Menachem Wiesenberg<\/p><p>Pictures in Gallery: \u00a9 Marco Borggreve<\/p><p>Trio-Photo in Gallery: \u00a9 Vincent Beaume<\/p><p><strong>Text Vita: <a href=\"http:\/\/www.marcus-imbsweiler.de\/\">Marcus Imbsweiler<\/a><\/strong><\/p><\/div>\n\t\t\t\t<\/div>\n\t\t\t\t<\/div>\n\t\t\t\t\t\t<\/div>\n\t\t\t\t\t<\/div>\n\t\t<\/div>\n\t\t\t\t\t\t\t\t<\/div>\n\t\t\t\t\t<\/div>\n\t\t<\/section>\n\t\t\t\t\t\t<\/div>\n\t\t\t\t\t\t<\/div>\n\t\t\t\t\t<\/div>\n\t\t","protected":false},"excerpt":{"rendered":"<p>Imprint Tabea Zimmermann c\/o K\u00fcnstlerSekretariat am Gasteig\u00a0Montgelasstra\u00dfe 2D-81679 M\u00fcnchen Phone: +49 89 4448879-0 e-Mail: team@ks-gasteig.dewww.ks-gasteig.de WebsiteDesign: Jessica SommerRealisation: webdesire Copyright The content and works published on this website are governed by the copyright laws of Germany. Any duplication, processing, distribution or any form of utilisation beyond the scope of copyright law shall require the prior [&hellip;]<\/p>\n","protected":false},"author":1,"featured_media":444,"parent":0,"menu_order":6,"comment_status":"closed","ping_status":"closed","template":"","meta":[],"_links":{"self":[{"href":"https:\/\/www.tabeazimmermann.de\/en\/wp-json\/wp\/v2\/pages\/1108\/"}],"collection":[{"href":"https:\/\/www.tabeazimmermann.de\/en\/wp-json\/wp\/v2\/pages\/"}],"about":[{"href":"https:\/\/www.tabeazimmermann.de\/en\/wp-json\/wp\/v2\/types\/page\/"}],"author":[{"embeddable":true,"href":"https:\/\/www.tabeazimmermann.de\/en\/wp-json\/wp\/v2\/users\/1\/"}],"replies":[{"embeddable":true,"href":"https:\/\/www.tabeazimmermann.de\/en\/wp-json\/wp\/v2\/comments\/?post=1108"}],"version-history":[{"count":18,"href":"https:\/\/www.tabeazimmermann.de\/en\/wp-json\/wp\/v2\/pages\/1108\/revisions\/"}],"predecessor-version":[{"id":4555,"href":"https:\/\/www.tabeazimmermann.de\/en\/wp-json\/wp\/v2\/pages\/1108\/revisions\/4555\/"}],"wp:featuredmedia":[{"embeddable":true,"href":"https:\/\/www.tabeazimmermann.de\/en\/wp-json\/wp\/v2\/media\/444\/"}],"wp:attachment":[{"href":"https:\/\/www.tabeazimmermann.de\/en\/wp-json\/wp\/v2\/media\/?parent=1108"}],"curies":[{"name":"wp","href":"https:\/\/api.w.org\/{rel}","templated":true}]}}