{"id":1113,"date":"2020-04-22T23:45:58","date_gmt":"2020-04-22T21:45:58","guid":{"rendered":"https:\/\/www.tabeazimmermann.de\/?page_id=1113"},"modified":"2023-11-10T17:39:12","modified_gmt":"2023-11-10T16:39:12","slug":"contact","status":"publish","type":"page","link":"https:\/\/www.tabeazimmermann.de\/en\/contact\/","title":{"rendered":"Contact"},"content":{"rendered":"\t\t<div data-elementor-type=\"wp-page\" data-elementor-id=\"1113\" class=\"elementor elementor-1113 elementor-462\" data-elementor-settings=\"[]\">\n\t\t\t\t\t\t<div class=\"elementor-inner\">\n\t\t\t\t\t\t\t<div class=\"elementor-section-wrap\">\n\t\t\t\t\t\t\t<section class=\"elementor-section elementor-top-section elementor-element elementor-element-c87f948 elementor-section-boxed elementor-section-height-default elementor-section-height-default\" data-id=\"c87f948\" data-element_type=\"section\">\n\t\t\t\t\t\t<div class=\"elementor-container elementor-column-gap-default\">\n\t\t\t\t\t\t\t<div class=\"elementor-row\">\n\t\t\t\t\t<div class=\"elementor-column elementor-col-100 elementor-top-column elementor-element elementor-element-133e5ad\" data-id=\"133e5ad\" data-element_type=\"column\">\n\t\t\t<div class=\"elementor-column-wrap elementor-element-populated\">\n\t\t\t\t\t\t\t<div class=\"elementor-widget-wrap\">\n\t\t\t\t\t\t<div class=\"elementor-element elementor-element-954a2b6 elementor-widget elementor-widget-text-editor\" data-id=\"954a2b6\" data-element_type=\"widget\" data-widget_type=\"text-editor.default\">\n\t\t\t\t<div class=\"elementor-widget-container\">\n\t\t\t\t\t<div class=\"elementor-text-editor elementor-clearfix\"><h1>Contact<\/h1><\/div>\n\t\t\t\t<\/div>\n\t\t\t\t<\/div>\n\t\t\t\t\t\t<\/div>\n\t\t\t\t\t<\/div>\n\t\t<\/div>\n\t\t\t\t\t\t\t\t<\/div>\n\t\t\t\t\t<\/div>\n\t\t<\/section>\n\t\t\t\t<section class=\"elementor-section elementor-top-section elementor-element elementor-element-260cc6d elementor-section-boxed elementor-section-height-default elementor-section-height-default\" data-id=\"260cc6d\" data-element_type=\"section\">\n\t\t\t\t\t\t<div class=\"elementor-container elementor-column-gap-default\">\n\t\t\t\t\t\t\t<div class=\"elementor-row\">\n\t\t\t\t\t<div class=\"elementor-column elementor-col-100 elementor-top-column elementor-element elementor-element-3b7fe9d\" data-id=\"3b7fe9d\" data-element_type=\"column\">\n\t\t\t<div class=\"elementor-column-wrap elementor-element-populated\">\n\t\t\t\t\t\t\t<div class=\"elementor-widget-wrap\">\n\t\t\t\t\t\t<div class=\"elementor-element elementor-element-319ecaa elementor-widget-divider--view-line elementor-widget elementor-widget-divider\" data-id=\"319ecaa\" data-element_type=\"widget\" data-widget_type=\"divider.default\">\n\t\t\t\t<div class=\"elementor-widget-container\">\n\t\t\t\t\t<div class=\"elementor-divider\">\n\t\t\t<span class=\"elementor-divider-separator\">\n\t\t\t\t\t\t<\/span>\n\t\t<\/div>\n\t\t\t\t<\/div>\n\t\t\t\t<\/div>\n\t\t\t\t\t\t<\/div>\n\t\t\t\t\t<\/div>\n\t\t<\/div>\n\t\t\t\t\t\t\t\t<\/div>\n\t\t\t\t\t<\/div>\n\t\t<\/section>\n\t\t\t\t<section class=\"elementor-section elementor-top-section elementor-element elementor-element-0d51f97 elementor-section-boxed elementor-section-height-default elementor-section-height-default\" data-id=\"0d51f97\" data-element_type=\"section\">\n\t\t\t\t\t\t<div class=\"elementor-container elementor-column-gap-default\">\n\t\t\t\t\t\t\t<div class=\"elementor-row\">\n\t\t\t\t\t<div class=\"elementor-column elementor-col-50 elementor-top-column elementor-element elementor-element-8a5f7a0\" data-id=\"8a5f7a0\" data-element_type=\"column\">\n\t\t\t<div class=\"elementor-column-wrap elementor-element-populated\">\n\t\t\t\t\t\t\t<div class=\"elementor-widget-wrap\">\n\t\t\t\t\t\t<div class=\"elementor-element elementor-element-ad35cc5 elementor-widget elementor-widget-google_maps\" data-id=\"ad35cc5\" data-element_type=\"widget\" data-widget_type=\"google_maps.default\">\n\t\t\t\t<div class=\"elementor-widget-container\">\n\t\t\t<div class=\"elementor-custom-embed\"><iframe frameborder=\"0\" scrolling=\"no\" marginheight=\"0\" marginwidth=\"0\" src=\"https:\/\/maps.google.com\/maps?q=Leuschnerdamm%2013%2C%2010999%20Berlin&amp;t=m&amp;z=12&amp;output=embed&amp;iwloc=near\" title=\"Leuschnerdamm 13, 10999 Berlin\" aria-label=\"Leuschnerdamm 13, 10999 Berlin\"><\/iframe><\/div>\t\t<\/div>\n\t\t\t\t<\/div>\n\t\t\t\t\t\t<\/div>\n\t\t\t\t\t<\/div>\n\t\t<\/div>\n\t\t\t\t<div class=\"elementor-column elementor-col-50 elementor-top-column elementor-element elementor-element-f314220\" data-id=\"f314220\" data-element_type=\"column\">\n\t\t\t<div class=\"elementor-column-wrap elementor-element-populated\">\n\t\t\t\t\t\t\t<div class=\"elementor-widget-wrap\">\n\t\t\t\t\t\t<div class=\"elementor-element elementor-element-bd5526c elementor-widget elementor-widget-text-editor\" data-id=\"bd5526c\" data-element_type=\"widget\" data-widget_type=\"text-editor.default\">\n\t\t\t\t<div class=\"elementor-widget-container\">\n\t\t\t\t\t<div class=\"elementor-text-editor elementor-clearfix\"><p><strong>Tabea Zimmermann<\/strong><br \/>c\/o K\u00fcnstlerSekretariat am Gasteig<br \/>Montgelasstra\u00dfe 2<br \/>D-81679 M\u00fcnchen<\/p><p><a href=\"http:\/\/www.ks-gasteig.de\" target=\"_blank\" rel=\"nofollow noopener\">www.ks-gasteig.de<\/a><\/p><p><strong>Contact persons:<\/strong><\/p><p>Elisabeth Ehlers<br \/>Director\/ General Management<br \/><a href=\"mailto:elisabeth.ehlers@ks-gasteig.de\">elisabeth.ehlers@ks-gasteig.de<\/a><br \/>Phone: +49 89 44488790<\/p><p>Felicitas Wittekindt<br \/>Associate Artist Manager <br \/><a href=\"mailto:felicitas.wittekindt@ks-gasteig.de\">felicitas.wittekindt@ks-gasteig.de<\/a><br \/>Phone: +49 89 444887911<\/p><\/div>\n\t\t\t\t<\/div>\n\t\t\t\t<\/div>\n\t\t\t\t\t\t<\/div>\n\t\t\t\t\t<\/div>\n\t\t<\/div>\n\t\t\t\t\t\t\t\t<\/div>\n\t\t\t\t\t<\/div>\n\t\t<\/section>\n\t\t\t\t\t\t<\/div>\n\t\t\t\t\t\t<\/div>\n\t\t\t\t\t<\/div>\n\t\t","protected":false},"excerpt":{"rendered":"<p>Contact Tabea Zimmermannc\/o K\u00fcnstlerSekretariat am GasteigMontgelasstra\u00dfe 2D-81679 M\u00fcnchen www.ks-gasteig.de Contact persons: Elisabeth EhlersDirector\/ General Managementelisabeth.ehlers@ks-gasteig.dePhone: +49 89 44488790 Felicitas WittekindtAssociate Artist Manager felicitas.wittekindt@ks-gasteig.dePhone: +49 89 444887911<\/p>\n","protected":false},"author":1,"featured_media":444,"parent":0,"menu_order":12,"comment_status":"closed","ping_status":"closed","template":"","meta":[],"_links":{"self":[{"href":"https:\/\/www.tabeazimmermann.de\/en\/wp-json\/wp\/v2\/pages\/1113\/"}],"collection":[{"href":"https:\/\/www.tabeazimmermann.de\/en\/wp-json\/wp\/v2\/pages\/"}],"about":[{"href":"https:\/\/www.tabeazimmermann.de\/en\/wp-json\/wp\/v2\/types\/page\/"}],"author":[{"embeddable":true,"href":"https:\/\/www.tabeazimmermann.de\/en\/wp-json\/wp\/v2\/users\/1\/"}],"replies":[{"embeddable":true,"href":"https:\/\/www.tabeazimmermann.de\/en\/wp-json\/wp\/v2\/comments\/?post=1113"}],"version-history":[{"count":11,"href":"https:\/\/www.tabeazimmermann.de\/en\/wp-json\/wp\/v2\/pages\/1113\/revisions\/"}],"predecessor-version":[{"id":4637,"href":"https:\/\/www.tabeazimmermann.de\/en\/wp-json\/wp\/v2\/pages\/1113\/revisions\/4637\/"}],"wp:featuredmedia":[{"embeddable":true,"href":"https:\/\/www.tabeazimmermann.de\/en\/wp-json\/wp\/v2\/media\/444\/"}],"wp:attachment":[{"href":"https:\/\/www.tabeazimmermann.de\/en\/wp-json\/wp\/v2\/media\/?parent=1113"}],"curies":[{"name":"wp","href":"https:\/\/api.w.org\/{rel}","templated":true}]}}